{"id":2315,"date":"2023-09-11T22:08:50","date_gmt":"2023-09-12T01:08:50","guid":{"rendered":"https:\/\/estudioscoreanos.com\/?page_id=2315"},"modified":"2023-09-11T23:24:14","modified_gmt":"2023-09-12T02:24:14","slug":"congreso-xi","status":"publish","type":"page","link":"https:\/\/estudioscoreanos.com\/index.php\/congreso-xi\/","title":{"rendered":"Congreso XI"},"content":{"rendered":"\t\t<div data-elementor-type=\"wp-page\" data-elementor-id=\"2315\" class=\"elementor elementor-2315\">\n\t\t\t\t\t\t<section class=\"elementor-section elementor-top-section elementor-element elementor-element-8509096 elementor-section-boxed elementor-section-height-default elementor-section-height-default\" data-id=\"8509096\" data-element_type=\"section\">\n\t\t\t\t\t\t<div class=\"elementor-container elementor-column-gap-default\">\n\t\t\t\t\t<div class=\"elementor-column elementor-col-100 elementor-top-column elementor-element elementor-element-84e9c09\" data-id=\"84e9c09\" data-element_type=\"column\">\n\t\t\t<div class=\"elementor-widget-wrap elementor-element-populated\">\n\t\t\t\t\t\t<div class=\"elementor-element elementor-element-f11a178 elementor-widget elementor-widget-spacer\" data-id=\"f11a178\" data-element_type=\"widget\" data-widget_type=\"spacer.default\">\n\t\t\t\t<div class=\"elementor-widget-container\">\n\t\t\t\t\t\t\t<div class=\"elementor-spacer\">\n\t\t\t<div class=\"elementor-spacer-inner\"><\/div>\n\t\t<\/div>\n\t\t\t\t\t\t<\/div>\n\t\t\t\t<\/div>\n\t\t\t\t\t<\/div>\n\t\t<\/div>\n\t\t\t\t\t<\/div>\n\t\t<\/section>\n\t\t\t\t<section class=\"elementor-section elementor-top-section elementor-element elementor-element-f9f925b elementor-section-boxed elementor-section-height-default elementor-section-height-default\" data-id=\"f9f925b\" data-element_type=\"section\">\n\t\t\t\t\t\t<div class=\"elementor-container elementor-column-gap-default\">\n\t\t\t\t\t<div class=\"elementor-column elementor-col-33 elementor-top-column elementor-element elementor-element-8061ee3\" data-id=\"8061ee3\" data-element_type=\"column\">\n\t\t\t<div class=\"elementor-widget-wrap elementor-element-populated\">\n\t\t\t\t\t\t<div class=\"elementor-element elementor-element-dab3fc9 elementor-widget elementor-widget-image\" data-id=\"dab3fc9\" data-element_type=\"widget\" data-widget_type=\"image.default\">\n\t\t\t\t<div class=\"elementor-widget-container\">\n\t\t\t\t\t\t\t\t\t\t\t\t\t\t\t<img fetchpriority=\"high\" decoding=\"async\" width=\"670\" height=\"1024\" src=\"https:\/\/estudioscoreanos.com\/wp-content\/uploads\/2023\/09\/9789877232257_frontcover-670x1024.jpg\" class=\"attachment-large size-large wp-image-2169\" alt=\"\" srcset=\"https:\/\/estudioscoreanos.com\/wp-content\/uploads\/2023\/09\/9789877232257_frontcover-670x1024.jpg 670w, https:\/\/estudioscoreanos.com\/wp-content\/uploads\/2023\/09\/9789877232257_frontcover-196x300.jpg 196w, https:\/\/estudioscoreanos.com\/wp-content\/uploads\/2023\/09\/9789877232257_frontcover-768x1175.jpg 768w, https:\/\/estudioscoreanos.com\/wp-content\/uploads\/2023\/09\/9789877232257_frontcover-1004x1536.jpg 1004w, https:\/\/estudioscoreanos.com\/wp-content\/uploads\/2023\/09\/9789877232257_frontcover-1339x2048.jpg 1339w, https:\/\/estudioscoreanos.com\/wp-content\/uploads\/2023\/09\/9789877232257_frontcover-scaled.jpg 1674w\" sizes=\"(max-width: 670px) 100vw, 670px\" \/>\t\t\t\t\t\t\t\t\t\t\t\t\t\t\t<\/div>\n\t\t\t\t<\/div>\n\t\t\t\t\t<\/div>\n\t\t<\/div>\n\t\t\t\t<div class=\"elementor-column elementor-col-66 elementor-top-column elementor-element elementor-element-78591fe\" data-id=\"78591fe\" data-element_type=\"column\">\n\t\t\t<div class=\"elementor-widget-wrap elementor-element-populated\">\n\t\t\t\t\t\t<div class=\"elementor-element elementor-element-654ad63 elementor-widget elementor-widget-text-editor\" data-id=\"654ad63\" data-element_type=\"widget\" data-widget_type=\"text-editor.default\">\n\t\t\t\t<div class=\"elementor-widget-container\">\n\t\t\t\t\t\t\t\t\t<div id=\"comp-jabcds84\" class=\"BaOVQ8 tz5f0K comp-jabcds84 wixui-rich-text\" data-testid=\"richTextElement\"><p class=\"font_8 wixui-rich-text__text\"><span class=\"wixui-rich-text__text\"><span class=\"color_15 wixui-rich-text__text\">El XI Congreso Nacional de Estudios Coreanos \u201cParalelo 38 en el siglo XXI\u201d es lla continuaci\u00f3n de una prolongada tradici\u00f3n en estudios coreanos en la Rep\u00fablica Argentina que tuvo su g\u00e9nesis en el a\u00f1o 2005 en la Universidad Nacional de Rosario. Desde entonces, se han logrado promover los estudios coreanos y el v\u00ednculo bilateral entre ambas naciones gracias al constante apoyo de la Korean Foundation, de la Embajada de la Rep\u00fablica de Corea acreditada en nuestro pa\u00eds, a la C\u00e1mara de Empresarios Coreanos en la Argentina, la invaluable labor de la Asociaci\u00f3n Argentina de Estudios Coreanos y de las casas de altos estudios que la conforman. De esos congresos han sido publicados nueve libros que son un aporte vital a la literatura espec\u00edfica, pero tambi\u00e9n se han formado numerosos especialistas en la materia, muchos de los cuales han podido complementar su formaci\u00f3n con posgrados y pasant\u00edas de investigaci\u00f3n en la Rep\u00fablica de Corea.<br class=\"wixui-rich-text__text\" \/>La Universidad Abierta Interamericana (UAI) y su Grupo de Estudios del Asia y el Pac\u00edfico (GEAP) tienen el orgullo de convocar a la presentaci\u00f3n de ponencias para el XI Congreso Nacional de Estudios Coreanos, a celebrarse en la ciudad de Rosario, entre el 28 y el 30 de junio de 2018. Convocatoria que, adem\u00e1s, coincide con la invitaci\u00f3n de la Comisi\u00f3n Directiva de la Asociaci\u00f3n Argentina de Estudios Coreanos a profesores e investigadores de diversas casas de altos estudios, comprometidos con la promoci\u00f3n y difusi\u00f3n de los estudios coreanos, a sumarse a la Asociaci\u00f3n.<\/span><\/span><br class=\"wixui-rich-text__text\" \/>\u00a0<\/p><\/div><div id=\"comp-jabcgz7h\" class=\"BaOVQ8 tz5f0K comp-jabcgz7h wixui-rich-text\" data-testid=\"richTextElement\"><p class=\"font_8 wixui-rich-text__text\"><span class=\"wixui-rich-text__text\"><span class=\"color_15 wixui-rich-text__text\">Dr. Luciano Dami\u00e1n Bolinaga<\/span><\/span><\/p><p class=\"font_8 wixui-rich-text__text\"><span class=\"wixui-rich-text__text\"><span class=\"color_15 wixui-rich-text__text\">Director GeneralXI Congreso Nacional de Estudios Coreanos Pro-Secretario de Investigaci\u00f3nDirector, Centro de Altos Estudios en Ciencias SocialesDirector, Grupo de Estudios del Asia y el Pac\u00edfico UNIVERSIDAD ABIERTA INTERAMERICANA<\/span><\/span><\/p><\/div>\t\t\t\t\t\t\t\t<\/div>\n\t\t\t\t<\/div>\n\t\t\t\t\t<\/div>\n\t\t<\/div>\n\t\t\t\t\t<\/div>\n\t\t<\/section>\n\t\t\t\t<section class=\"elementor-section elementor-top-section elementor-element elementor-element-781f58e elementor-section-boxed elementor-section-height-default elementor-section-height-default\" data-id=\"781f58e\" data-element_type=\"section\">\n\t\t\t\t\t\t<div class=\"elementor-container elementor-column-gap-default\">\n\t\t\t\t\t<div class=\"elementor-column elementor-col-33 elementor-top-column elementor-element elementor-element-3af12e7\" data-id=\"3af12e7\" data-element_type=\"column\">\n\t\t\t<div class=\"elementor-widget-wrap elementor-element-populated\">\n\t\t\t\t\t\t<div class=\"elementor-element elementor-element-750c55a elementor-align-center elementor-widget elementor-widget-button\" data-id=\"750c55a\" data-element_type=\"widget\" data-widget_type=\"button.default\">\n\t\t\t\t<div class=\"elementor-widget-container\">\n\t\t\t\t\t\t\t\t\t<div class=\"elementor-button-wrapper\">\n\t\t\t\t\t<a class=\"elementor-button elementor-button-link elementor-size-sm\" href=\"http:\/\/estudioscoreanos.com\/wp-content\/uploads\/2023\/09\/paralelo-38.pdf\" target=\"_blank\" rel=\"nofollow\">\n\t\t\t\t\t\t<span class=\"elementor-button-content-wrapper\">\n\t\t\t\t\t\t\t\t\t<span class=\"elementor-button-text\">Descargar Actas<\/span>\n\t\t\t\t\t<\/span>\n\t\t\t\t\t<\/a>\n\t\t\t\t<\/div>\n\t\t\t\t\t\t\t\t<\/div>\n\t\t\t\t<\/div>\n\t\t\t\t\t<\/div>\n\t\t<\/div>\n\t\t\t\t<div class=\"elementor-column elementor-col-66 elementor-top-column elementor-element elementor-element-dacb053\" data-id=\"dacb053\" data-element_type=\"column\">\n\t\t\t<div class=\"elementor-widget-wrap\">\n\t\t\t\t\t\t\t<\/div>\n\t\t<\/div>\n\t\t\t\t\t<\/div>\n\t\t<\/section>\n\t\t\t\t<\/div>\n\t\t","protected":false},"excerpt":{"rendered":"<p>El XI Congreso Nacional de Estudios Coreanos \u201cParalelo 38 en el siglo XXI\u201d es lla continuaci\u00f3n de una prolongada tradici\u00f3n en estudios coreanos en la Rep\u00fablica Argentina que tuvo su g\u00e9nesis en el a\u00f1o 2005 en la Universidad Nacional de Rosario. Desde entonces, se han logrado promover los estudios coreanos y el v\u00ednculo bilateral entre &hellip;<\/p>\n<p class=\"read-more\"> <a class=\"\" href=\"https:\/\/estudioscoreanos.com\/index.php\/congreso-xi\/\"> <span class=\"screen-reader-text\">Congreso XI<\/span> Leer m\u00e1s &raquo;<\/a><\/p>\n","protected":false},"author":1,"featured_media":0,"parent":0,"menu_order":0,"comment_status":"closed","ping_status":"closed","template":"elementor_header_footer","meta":{"_monsterinsights_skip_tracking":false,"_monsterinsights_sitenote_active":false,"_monsterinsights_sitenote_note":"","_monsterinsights_sitenote_category":0,"site-sidebar-layout":"no-sidebar","site-content-layout":"page-builder","ast-site-content-layout":"full-width-container","site-content-style":"unboxed","site-sidebar-style":"unboxed","ast-global-header-display":"","ast-banner-title-visibility":"","ast-main-header-display":"","ast-hfb-above-header-display":"","ast-hfb-below-header-display":"","ast-hfb-mobile-header-display":"","site-post-title":"disabled","ast-breadcrumbs-content":"","ast-featured-img":"disabled","footer-sml-layout":"","theme-transparent-header-meta":"disabled","adv-header-id-meta":"","stick-header-meta":"","header-above-stick-meta":"","header-main-stick-meta":"","header-below-stick-meta":"","astra-migrate-meta-layouts":"set","footnotes":""},"aioseo_notices":[],"rttpg_featured_image_url":null,"rttpg_author":{"display_name":"estudioscoreanos.com","author_link":"https:\/\/estudioscoreanos.com\/index.php\/author\/estudioscoreanos-com\/"},"rttpg_comment":0,"rttpg_category":null,"rttpg_excerpt":"El XI Congreso Nacional de Estudios Coreanos \u201cParalelo 38 en el siglo XXI\u201d es lla continuaci\u00f3n de una prolongada tradici\u00f3n en estudios coreanos en la Rep\u00fablica Argentina que tuvo su g\u00e9nesis en el a\u00f1o 2005 en la Universidad Nacional de Rosario. Desde entonces, se han logrado promover los estudios coreanos y el v\u00ednculo bilateral entre&hellip;","_links":{"self":[{"href":"https:\/\/estudioscoreanos.com\/index.php\/wp-json\/wp\/v2\/pages\/2315"}],"collection":[{"href":"https:\/\/estudioscoreanos.com\/index.php\/wp-json\/wp\/v2\/pages"}],"about":[{"href":"https:\/\/estudioscoreanos.com\/index.php\/wp-json\/wp\/v2\/types\/page"}],"author":[{"embeddable":true,"href":"https:\/\/estudioscoreanos.com\/index.php\/wp-json\/wp\/v2\/users\/1"}],"replies":[{"embeddable":true,"href":"https:\/\/estudioscoreanos.com\/index.php\/wp-json\/wp\/v2\/comments?post=2315"}],"version-history":[{"count":7,"href":"https:\/\/estudioscoreanos.com\/index.php\/wp-json\/wp\/v2\/pages\/2315\/revisions"}],"predecessor-version":[{"id":2432,"href":"https:\/\/estudioscoreanos.com\/index.php\/wp-json\/wp\/v2\/pages\/2315\/revisions\/2432"}],"wp:attachment":[{"href":"https:\/\/estudioscoreanos.com\/index.php\/wp-json\/wp\/v2\/media?parent=2315"}],"curies":[{"name":"wp","href":"https:\/\/api.w.org\/{rel}","templated":true}]}}