{"id":1336,"date":"2023-09-08T06:44:49","date_gmt":"2023-09-08T09:44:49","guid":{"rendered":"https:\/\/estudioscoreanos.com\/?page_id=1336"},"modified":"2023-09-12T00:58:16","modified_gmt":"2023-09-12T03:58:16","slug":"anuncios","status":"publish","type":"page","link":"https:\/\/estudioscoreanos.com\/index.php\/anuncios\/","title":{"rendered":"Anuncios"},"content":{"rendered":"\t\t<div data-elementor-type=\"wp-page\" data-elementor-id=\"1336\" class=\"elementor elementor-1336\">\n\t\t\t\t\t\t<section class=\"elementor-section elementor-top-section elementor-element elementor-element-a6abedc elementor-section-boxed elementor-section-height-default elementor-section-height-default\" data-id=\"a6abedc\" data-element_type=\"section\">\n\t\t\t\t\t\t<div class=\"elementor-container elementor-column-gap-default\">\n\t\t\t\t\t<div class=\"elementor-column elementor-col-100 elementor-top-column elementor-element elementor-element-cf78f45\" data-id=\"cf78f45\" data-element_type=\"column\">\n\t\t\t<div class=\"elementor-widget-wrap elementor-element-populated\">\n\t\t\t\t\t\t<div class=\"elementor-element elementor-element-85f207e elementor-widget elementor-widget-spacer\" data-id=\"85f207e\" data-element_type=\"widget\" data-widget_type=\"spacer.default\">\n\t\t\t\t<div class=\"elementor-widget-container\">\n\t\t\t\t\t\t\t<div class=\"elementor-spacer\">\n\t\t\t<div class=\"elementor-spacer-inner\"><\/div>\n\t\t<\/div>\n\t\t\t\t\t\t<\/div>\n\t\t\t\t<\/div>\n\t\t\t\t\t<\/div>\n\t\t<\/div>\n\t\t\t\t\t<\/div>\n\t\t<\/section>\n\t\t\t\t<section class=\"elementor-section elementor-top-section elementor-element elementor-element-36a58c7 elementor-section-boxed elementor-section-height-default elementor-section-height-default\" data-id=\"36a58c7\" data-element_type=\"section\">\n\t\t\t\t\t\t<div class=\"elementor-container elementor-column-gap-default\">\n\t\t\t\t\t<div class=\"elementor-column elementor-col-66 elementor-top-column elementor-element elementor-element-38c966d\" data-id=\"38c966d\" data-element_type=\"column\">\n\t\t\t<div class=\"elementor-widget-wrap elementor-element-populated\">\n\t\t\t\t\t\t<div class=\"elementor-element elementor-element-6e807fa meta-visibility-show title_position_default title_hover_border_default title-default img_hover_animation_default meta_position_default readmore-btn-default-style grid-hover-overlay-type-always tpg-el-box-border-enable tpg-border-bottom-disable elementor-widget elementor-widget-tpg-list-layout\" data-id=\"6e807fa\" data-element_type=\"widget\" data-widget_type=\"tpg-list-layout.default\">\n\t\t\t\t<div class=\"elementor-widget-container\">\n\t\t\t\t\t\n        <div class=\"rt-container-fluid rt-tpg-container tpg-el-main-wrapper list-layout1-main \"\n             data-sc-id=\"elementor\"\n             id=\"rt-tpg-container-422466487\"\n             data-layout=\"list-layout1\"\n             data-grid-style=\"tpg-even\"\n             data-el-settings=''\n             data-el-query=''\n             data-el-path=''\n        >\n\t\t\t            <div class='tpg-header-wrapper '>\n\t\t\t\t            <\/div>\n\n            <div data-title=\"Loading ...\" class=\"rt-row rt-content-loader list-layout1 tpg-even list-behaviour list-layout-wrapper\">\n\t\t\t\t\n<div class=\"rt-col-md-12 rt-col-sm-12 rt-col-xs-12 default rt-list-item rt-grid-item\" data-id=\"2852\">\n\t<div class=\"rt-holder tpg-post-holder \">\n\t\t<div class=\"rt-detail rt-el-content-wrapper\">\n\t\t\t\t\t\t\t<div class=\"rt-img-holder tpg-el-image-wrap has-thumbnail\">\n\t\t\t\t\t<a data-id=\"2852\" href=\"https:\/\/estudioscoreanos.com\/index.php\/2025\/11\/06\/xiv-congreso-nacional-de-estudios-coreanos-actividad-de-interes-cultural\/\" class=\"tpg-post-link\" target=\"_self\">                        <img fetchpriority=\"high\" decoding=\"async\" src=\"https:\/\/estudioscoreanos.com\/wp-content\/uploads\/2025\/11\/Imagen-de-WhatsApp-2025-11-05-a-las-11.32.56_79482b5f-768x713.jpg\"\n                             class=\"rt-img-responsive\"\n                             width=\"768\"\n                             height=\"713\"\n                             alt=\"XIV Congreso Nacional de Estudios Coreanos actividad de inter\u00e9s\u00a0cultural\">\n\t\t\t\t\t\t\n\t\t\t\t\t\t\t\n\t\t<\/a>\n\t\t        <div class=\"overlay grid-hover-content\"><\/div>\n\t\t\t\t\t\t<\/div>\n\t\t\t\n\t\t\t<div class=\"post-right-content\">\n\t\t\t\t<div class=\"entry-title-wrapper\"><h3 class=\"entry-title\"><a data-id=\"2852\" href=\"https:\/\/estudioscoreanos.com\/index.php\/2025\/11\/06\/xiv-congreso-nacional-de-estudios-coreanos-actividad-de-interes-cultural\/\" class=\"tpg-post-link\" target=\"_self\">XIV Congreso Nacional de Estudios Coreanos actividad de inter\u00e9s\u00a0cultural<\/a><\/h3><\/div>\n\t\t\t\t\t\t\t\t\t<div class=\"post-meta-tags rt-el-post-meta\">\n\t\t\t\t\t\t\t\t\t\t\t<\/div>\n\t\t\t\t\n\t\t\t\t\t\t\t\t\t<div class=\"tpg-excerpt tpg-el-excerpt\">\n\t\t\t\t\t\t\t\t\t\t\t\t\t<div class=\"tpg-excerpt-inner\">\n\t\t\t\t\t\t\t\tLa Legislatura de la Ciudad Aut\u00f3noma de Buenos Aires ha declarado al XIV Congreso Nacional de...\t\t\t\t\t\t\t<\/div>\n\t\t\t\t\t\t\t\t\t\t\t\t\t\t\t\t\t<\/div>\n\t\t\t\t\n\t\t\t\t        <div class=\"post-footer\">\n            <div class=\"post-footer\">\n                <div class=\"read-more\">\n\t\t\t\t\t<a data-id=\"2852\" href=\"https:\/\/estudioscoreanos.com\/index.php\/2025\/11\/06\/xiv-congreso-nacional-de-estudios-coreanos-actividad-de-interes-cultural\/\" class=\"tpg-post-link\" target=\"_self\">Read More<\/a>                <\/div>\n            <\/div>\n        <\/div>\n\t\t\t\t\t<\/div>\n\t\t<\/div>\n\t<\/div>\n<\/div>\n\n<div class=\"rt-col-md-12 rt-col-sm-12 rt-col-xs-12 default rt-list-item rt-grid-item\" data-id=\"2848\">\n\t<div class=\"rt-holder tpg-post-holder \">\n\t\t<div class=\"rt-detail rt-el-content-wrapper\">\n\t\t\t\t\t\t\t<div class=\"rt-img-holder tpg-el-image-wrap has-thumbnail\">\n\t\t\t\t\t<a data-id=\"2848\" href=\"https:\/\/estudioscoreanos.com\/index.php\/2025\/11\/05\/haru-korea-fest\/\" class=\"tpg-post-link\" target=\"_self\">                        <img decoding=\"async\" src=\"https:\/\/estudioscoreanos.com\/wp-content\/uploads\/2025\/11\/image-1-768x535.png\"\n                             class=\"rt-img-responsive\"\n                             width=\"768\"\n                             height=\"535\"\n                             alt=\"Haru Korea Fest\">\n\t\t\t\t\t\t\n\t\t\t\t\t\t\t\n\t\t<\/a>\n\t\t        <div class=\"overlay grid-hover-content\"><\/div>\n\t\t\t\t\t\t<\/div>\n\t\t\t\n\t\t\t<div class=\"post-right-content\">\n\t\t\t\t<div class=\"entry-title-wrapper\"><h3 class=\"entry-title\"><a data-id=\"2848\" href=\"https:\/\/estudioscoreanos.com\/index.php\/2025\/11\/05\/haru-korea-fest\/\" class=\"tpg-post-link\" target=\"_self\">Haru Korea Fest<\/a><\/h3><\/div>\n\t\t\t\t\t\t\t\t\t<div class=\"post-meta-tags rt-el-post-meta\">\n\t\t\t\t\t\t\t\t\t\t\t<\/div>\n\t\t\t\t\n\t\t\t\t\t\t\t\t\t<div class=\"tpg-excerpt tpg-el-excerpt\">\n\t\t\t\t\t\t\t\t\t\t\t\t\t<div class=\"tpg-excerpt-inner\">\n\t\t\t\t\t\t\t\tUna vez m\u00e1s la AAEC fue invitada por la Asociaci\u00f3n Civil de Coreanos en Argentina y CACIAC al Haru...\t\t\t\t\t\t\t<\/div>\n\t\t\t\t\t\t\t\t\t\t\t\t\t\t\t\t\t<\/div>\n\t\t\t\t\n\t\t\t\t        <div class=\"post-footer\">\n            <div class=\"post-footer\">\n                <div class=\"read-more\">\n\t\t\t\t\t<a data-id=\"2848\" href=\"https:\/\/estudioscoreanos.com\/index.php\/2025\/11\/05\/haru-korea-fest\/\" class=\"tpg-post-link\" target=\"_self\">Read More<\/a>                <\/div>\n            <\/div>\n        <\/div>\n\t\t\t\t\t<\/div>\n\t\t<\/div>\n\t<\/div>\n<\/div>\n\n<div class=\"rt-col-md-12 rt-col-sm-12 rt-col-xs-12 default rt-list-item rt-grid-item\" data-id=\"2791\">\n\t<div class=\"rt-holder tpg-post-holder \">\n\t\t<div class=\"rt-detail rt-el-content-wrapper\">\n\t\t\t\t\t\t\t<div class=\"rt-img-holder tpg-el-image-wrap has-thumbnail\">\n\t\t\t\t\t<a data-id=\"2791\" href=\"https:\/\/estudioscoreanos.com\/index.php\/2025\/10\/03\/hierba-de-keun-suk-gendry-kim\/\" class=\"tpg-post-link\" target=\"_self\">                        <img decoding=\"async\" src=\"https:\/\/estudioscoreanos.com\/wp-content\/uploads\/2025\/10\/Sin-titulo.jpg\"\n                             class=\"rt-img-responsive\"\n                             width=\"568\"\n                             height=\"758\"\n                             alt=\"Hierba de Keun Suk Gendry-Kim\">\n\t\t\t\t\t\t\n\t\t\t\t\t\t\t\n\t\t<\/a>\n\t\t        <div class=\"overlay grid-hover-content\"><\/div>\n\t\t\t\t\t\t<\/div>\n\t\t\t\n\t\t\t<div class=\"post-right-content\">\n\t\t\t\t<div class=\"entry-title-wrapper\"><h3 class=\"entry-title\"><a data-id=\"2791\" href=\"https:\/\/estudioscoreanos.com\/index.php\/2025\/10\/03\/hierba-de-keun-suk-gendry-kim\/\" class=\"tpg-post-link\" target=\"_self\">Hierba de Keun Suk Gendry-Kim<\/a><\/h3><\/div>\n\t\t\t\t\t\t\t\t\t<div class=\"post-meta-tags rt-el-post-meta\">\n\t\t\t\t\t\t\t\t\t\t\t<\/div>\n\t\t\t\t\n\t\t\t\t\t\t\t\t\t<div class=\"tpg-excerpt tpg-el-excerpt\">\n\t\t\t\t\t\t\t\t\t\t\t\t\t<div class=\"tpg-excerpt-inner\">\n\t\t\t\t\t\t\t\tEl 23 de septiembre se declar\u00f3 de Inter\u00e9s para la Comunicaci\u00f3n Social y la Promoci\u00f3n y Defensa de...\t\t\t\t\t\t\t<\/div>\n\t\t\t\t\t\t\t\t\t\t\t\t\t\t\t\t\t<\/div>\n\t\t\t\t\n\t\t\t\t        <div class=\"post-footer\">\n            <div class=\"post-footer\">\n                <div class=\"read-more\">\n\t\t\t\t\t<a data-id=\"2791\" href=\"https:\/\/estudioscoreanos.com\/index.php\/2025\/10\/03\/hierba-de-keun-suk-gendry-kim\/\" class=\"tpg-post-link\" target=\"_self\">Read More<\/a>                <\/div>\n            <\/div>\n        <\/div>\n\t\t\t\t\t<\/div>\n\t\t<\/div>\n\t<\/div>\n<\/div>\n\n<div class=\"rt-col-md-12 rt-col-sm-12 rt-col-xs-12 default rt-list-item rt-grid-item\" data-id=\"2763\">\n\t<div class=\"rt-holder tpg-post-holder \">\n\t\t<div class=\"rt-detail rt-el-content-wrapper\">\n\t\t\t\t\t\t\t<div class=\"rt-img-holder tpg-el-image-wrap has-thumbnail\">\n\t\t\t\t\t<a data-id=\"2763\" href=\"https:\/\/estudioscoreanos.com\/index.php\/2025\/05\/09\/convocatoria-al-concurso-de-cartas-hablando-con-el-pasado-cartas-a-las-ninas-del-presente\/\" class=\"tpg-post-link\" target=\"_self\">                        <img loading=\"lazy\" decoding=\"async\" src=\"https:\/\/estudioscoreanos.com\/wp-content\/uploads\/2025\/05\/Imagen-de-WhatsApp-2025-05-08-a-las-12.10.09_7971decf-2.jpg\"\n                             class=\"rt-img-responsive\"\n                             width=\"147\"\n                             height=\"212\"\n                             alt=\"Convocatoria al concurso de cartas &#8220;Hablando con el pasado: cartas a las ni\u00f1as del presente&#8221; .\">\n\t\t\t\t\t\t\n\t\t\t\t\t\t\t\n\t\t<\/a>\n\t\t        <div class=\"overlay grid-hover-content\"><\/div>\n\t\t\t\t\t\t<\/div>\n\t\t\t\n\t\t\t<div class=\"post-right-content\">\n\t\t\t\t<div class=\"entry-title-wrapper\"><h3 class=\"entry-title\"><a data-id=\"2763\" href=\"https:\/\/estudioscoreanos.com\/index.php\/2025\/05\/09\/convocatoria-al-concurso-de-cartas-hablando-con-el-pasado-cartas-a-las-ninas-del-presente\/\" class=\"tpg-post-link\" target=\"_self\">Convocatoria al concurso de cartas &#8220;Hablando con el pasado: cartas a las ni\u00f1as del presente&#8221; .<\/a><\/h3><\/div>\n\t\t\t\t\t\t\t\t\t<div class=\"post-meta-tags rt-el-post-meta\">\n\t\t\t\t\t\t\t\t\t\t\t<\/div>\n\t\t\t\t\n\t\t\t\t\t\t\t\t\t<div class=\"tpg-excerpt tpg-el-excerpt\">\n\t\t\t\t\t\t\t\t\t\t\t\t\t<div class=\"tpg-excerpt-inner\">\n\t\t\t\t\t\t\t\tDesde la Asociaci\u00f3n Argentina de Estudios Coreanos, los y las invitamos a este importante concurso...\t\t\t\t\t\t\t<\/div>\n\t\t\t\t\t\t\t\t\t\t\t\t\t\t\t\t\t<\/div>\n\t\t\t\t\n\t\t\t\t        <div class=\"post-footer\">\n            <div class=\"post-footer\">\n                <div class=\"read-more\">\n\t\t\t\t\t<a data-id=\"2763\" href=\"https:\/\/estudioscoreanos.com\/index.php\/2025\/05\/09\/convocatoria-al-concurso-de-cartas-hablando-con-el-pasado-cartas-a-las-ninas-del-presente\/\" class=\"tpg-post-link\" target=\"_self\">Read More<\/a>                <\/div>\n            <\/div>\n        <\/div>\n\t\t\t\t\t<\/div>\n\t\t<\/div>\n\t<\/div>\n<\/div>\n\n<div class=\"rt-col-md-12 rt-col-sm-12 rt-col-xs-12 default rt-list-item rt-grid-item\" data-id=\"2748\">\n\t<div class=\"rt-holder tpg-post-holder \">\n\t\t<div class=\"rt-detail rt-el-content-wrapper\">\n\t\t\t\t\t\t\t<div class=\"rt-img-holder tpg-el-image-wrap has-thumbnail\">\n\t\t\t\t\t<a data-id=\"2748\" href=\"https:\/\/estudioscoreanos.com\/index.php\/2025\/04\/26\/la-nina-de-la-paz-2\/\" class=\"tpg-post-link\" target=\"_self\">                        <img loading=\"lazy\" decoding=\"async\" src=\"https:\/\/estudioscoreanos.com\/wp-content\/uploads\/2025\/04\/th-3085080540.jpg\"\n                             class=\"rt-img-responsive\"\n                             width=\"474\"\n                             height=\"573\"\n                             alt=\"La ni\u00f1a de la Paz\">\n\t\t\t\t\t\t\n\t\t\t\t\t\t\t\n\t\t<\/a>\n\t\t        <div class=\"overlay grid-hover-content\"><\/div>\n\t\t\t\t\t\t<\/div>\n\t\t\t\n\t\t\t<div class=\"post-right-content\">\n\t\t\t\t<div class=\"entry-title-wrapper\"><h3 class=\"entry-title\"><a data-id=\"2748\" href=\"https:\/\/estudioscoreanos.com\/index.php\/2025\/04\/26\/la-nina-de-la-paz-2\/\" class=\"tpg-post-link\" target=\"_self\">La ni\u00f1a de la Paz<\/a><\/h3><\/div>\n\t\t\t\t\t\t\t\t\t<div class=\"post-meta-tags rt-el-post-meta\">\n\t\t\t\t\t\t\t\t\t\t\t<\/div>\n\t\t\t\t\n\t\t\t\t\t\t\t\t\t<div class=\"tpg-excerpt tpg-el-excerpt\">\n\t\t\t\t\t\t\t\t\t\t\t\t\t<div class=\"tpg-excerpt-inner\">\n\t\t\t\t\t\t\t\thttps:\/\/www.laninadelapaz.com.ar La Fundaci\u00f3n Manyoung y la Asociaci\u00f3n Civil de Coreanos en...\t\t\t\t\t\t\t<\/div>\n\t\t\t\t\t\t\t\t\t\t\t\t\t\t\t\t\t<\/div>\n\t\t\t\t\n\t\t\t\t        <div class=\"post-footer\">\n            <div class=\"post-footer\">\n                <div class=\"read-more\">\n\t\t\t\t\t<a data-id=\"2748\" href=\"https:\/\/estudioscoreanos.com\/index.php\/2025\/04\/26\/la-nina-de-la-paz-2\/\" class=\"tpg-post-link\" target=\"_self\">Read More<\/a>                <\/div>\n            <\/div>\n        <\/div>\n\t\t\t\t\t<\/div>\n\t\t<\/div>\n\t<\/div>\n<\/div>\n            <\/div>\n\n\t\t\t<div class='rt-pagination-wrap' data-total-pages='18' data-posts-per-page='5' data-type='pagination'><div class=\"rt-pagination\"><ul class=\"pagination-list\"><li class=\"active\"><span>1<\/span><\/li><li><a data-paged='2' href='https:\/\/estudioscoreanos.com\/index.php\/wp-json\/wp\/v2\/pages\/1336\/page\/2\/'>2<\/a><\/li><li><a data-paged='3' href='https:\/\/estudioscoreanos.com\/index.php\/wp-json\/wp\/v2\/pages\/1336\/page\/3\/'>3<\/a><\/li><li><a data-paged='4' href='https:\/\/estudioscoreanos.com\/index.php\/wp-json\/wp\/v2\/pages\/1336\/page\/4\/'>4<\/a><\/li><li><a data-paged='5' href='https:\/\/estudioscoreanos.com\/index.php\/wp-json\/wp\/v2\/pages\/1336\/page\/5\/'>5<\/a><\/li><li><a data-paged='2' href=\"https:\/\/estudioscoreanos.com\/index.php\/wp-json\/wp\/v2\/pages\/1336\/page\/2\/\" aria-label='Next'>&rsaquo;<\/a><\/li><li><a data-paged='18' href='https:\/\/estudioscoreanos.com\/index.php\/wp-json\/wp\/v2\/pages\/1336\/page\/18\/' aria-label='Last'>&raquo;<\/a><\/li><\/ul><\/div><\/div>\n        <\/div>\n\t\t\t\t\t\t<\/div>\n\t\t\t\t<\/div>\n\t\t\t\t\t<\/div>\n\t\t<\/div>\n\t\t\t\t<div class=\"elementor-column elementor-col-33 elementor-top-column elementor-element elementor-element-033c888\" data-id=\"033c888\" data-element_type=\"column\">\n\t\t\t<div class=\"elementor-widget-wrap elementor-element-populated\">\n\t\t\t\t\t\t<div class=\"elementor-element elementor-element-691098c elementor-align-center elementor-widget elementor-widget-button\" data-id=\"691098c\" data-element_type=\"widget\" data-widget_type=\"button.default\">\n\t\t\t\t<div class=\"elementor-widget-container\">\n\t\t\t\t\t\t\t\t\t<div class=\"elementor-button-wrapper\">\n\t\t\t\t\t<a class=\"elementor-button elementor-button-link elementor-size-xl elementor-animation-grow\" href=\"https:\/\/estudioscoreanos.com\/index.php\/estudioscoreanos\/\">\n\t\t\t\t\t\t<span class=\"elementor-button-content-wrapper\">\n\t\t\t\t\t\t\t\t\t<span class=\"elementor-button-text\">Estudios Coreanos<\/span>\n\t\t\t\t\t<\/span>\n\t\t\t\t\t<\/a>\n\t\t\t\t<\/div>\n\t\t\t\t\t\t\t\t<\/div>\n\t\t\t\t<\/div>\n\t\t\t\t<div class=\"elementor-element elementor-element-420ce46 elementor-align-center elementor-widget elementor-widget-button\" data-id=\"420ce46\" data-element_type=\"widget\" data-widget_type=\"button.default\">\n\t\t\t\t<div class=\"elementor-widget-container\">\n\t\t\t\t\t\t\t\t\t<div class=\"elementor-button-wrapper\">\n\t\t\t\t\t<a class=\"elementor-button elementor-button-link elementor-size-xl elementor-animation-grow\" href=\"https:\/\/estudioscoreanos.com\/index.php\/estudiarencorea\/\">\n\t\t\t\t\t\t<span class=\"elementor-button-content-wrapper\">\n\t\t\t\t\t\t\t\t\t<span class=\"elementor-button-text\">Estudiar en Corea<\/span>\n\t\t\t\t\t<\/span>\n\t\t\t\t\t<\/a>\n\t\t\t\t<\/div>\n\t\t\t\t\t\t\t\t<\/div>\n\t\t\t\t<\/div>\n\t\t\t\t<div class=\"elementor-element elementor-element-9245ca3 elementor-align-center elementor-widget elementor-widget-button\" data-id=\"9245ca3\" data-element_type=\"widget\" data-widget_type=\"button.default\">\n\t\t\t\t<div class=\"elementor-widget-container\">\n\t\t\t\t\t\t\t\t\t<div class=\"elementor-button-wrapper\">\n\t\t\t\t\t<a class=\"elementor-button elementor-button-link elementor-size-xl elementor-animation-grow\" href=\"https:\/\/estudioscoreanos.com\/index.php\/universidadesencorea\/\">\n\t\t\t\t\t\t<span class=\"elementor-button-content-wrapper\">\n\t\t\t\t\t\t\t\t\t<span class=\"elementor-button-text\">Universidades en Corea<\/span>\n\t\t\t\t\t<\/span>\n\t\t\t\t\t<\/a>\n\t\t\t\t<\/div>\n\t\t\t\t\t\t\t\t<\/div>\n\t\t\t\t<\/div>\n\t\t\t\t<div class=\"elementor-element elementor-element-33d2947 elementor-align-center elementor-widget elementor-widget-button\" data-id=\"33d2947\" data-element_type=\"widget\" data-widget_type=\"button.default\">\n\t\t\t\t<div class=\"elementor-widget-container\">\n\t\t\t\t\t\t\t\t\t<div class=\"elementor-button-wrapper\">\n\t\t\t\t\t<a class=\"elementor-button elementor-button-link elementor-size-xl elementor-animation-grow\" href=\"https:\/\/estudioscoreanos.com\/index.php\/articulosaaec\/\">\n\t\t\t\t\t\t<span class=\"elementor-button-content-wrapper\">\n\t\t\t\t\t\t\t\t\t<span class=\"elementor-button-text\">Art\u00edculos de miembros AAEC<\/span>\n\t\t\t\t\t<\/span>\n\t\t\t\t\t<\/a>\n\t\t\t\t<\/div>\n\t\t\t\t\t\t\t\t<\/div>\n\t\t\t\t<\/div>\n\t\t\t\t<div class=\"elementor-element elementor-element-0b625df elementor-align-center elementor-widget elementor-widget-button\" data-id=\"0b625df\" data-element_type=\"widget\" data-widget_type=\"button.default\">\n\t\t\t\t<div class=\"elementor-widget-container\">\n\t\t\t\t\t\t\t\t\t<div class=\"elementor-button-wrapper\">\n\t\t\t\t\t<a class=\"elementor-button elementor-button-link elementor-size-xl elementor-animation-grow\" href=\"https:\/\/estudioscoreanos.com\/index.php\/libros\/\">\n\t\t\t\t\t\t<span class=\"elementor-button-content-wrapper\">\n\t\t\t\t\t\t\t\t\t<span class=\"elementor-button-text\">Libros Digitales<\/span>\n\t\t\t\t\t<\/span>\n\t\t\t\t\t<\/a>\n\t\t\t\t<\/div>\n\t\t\t\t\t\t\t\t<\/div>\n\t\t\t\t<\/div>\n\t\t\t\t<div class=\"elementor-element elementor-element-93a7f7b elementor-widget elementor-widget-spacer\" data-id=\"93a7f7b\" data-element_type=\"widget\" data-widget_type=\"spacer.default\">\n\t\t\t\t<div class=\"elementor-widget-container\">\n\t\t\t\t\t\t\t<div class=\"elementor-spacer\">\n\t\t\t<div class=\"elementor-spacer-inner\"><\/div>\n\t\t<\/div>\n\t\t\t\t\t\t<\/div>\n\t\t\t\t<\/div>\n\t\t\t\t<div class=\"elementor-element elementor-element-65903f8 elementor-widget elementor-widget-wp-widget-recent-posts\" data-id=\"65903f8\" data-element_type=\"widget\" data-widget_type=\"wp-widget-recent-posts.default\">\n\t\t\t\t<div class=\"elementor-widget-container\">\n\t\t\t\t\t\n\t\t\n\t\t<h5>Entradas recientes<\/h5><nav aria-label=\"Entradas recientes\">\n\t\t<ul>\n\t\t\t\t\t\t\t\t\t\t\t<li>\n\t\t\t\t\t<a href=\"https:\/\/estudioscoreanos.com\/index.php\/2025\/11\/06\/xiv-congreso-nacional-de-estudios-coreanos-actividad-de-interes-cultural\/\">XIV Congreso Nacional de Estudios Coreanos actividad de inter\u00e9s\u00a0cultural<\/a>\n\t\t\t\t\t\t\t\t\t<\/li>\n\t\t\t\t\t\t\t\t\t\t\t<li>\n\t\t\t\t\t<a href=\"https:\/\/estudioscoreanos.com\/index.php\/2025\/11\/05\/haru-korea-fest\/\">Haru Korea Fest<\/a>\n\t\t\t\t\t\t\t\t\t<\/li>\n\t\t\t\t\t\t\t\t\t\t\t<li>\n\t\t\t\t\t<a href=\"https:\/\/estudioscoreanos.com\/index.php\/2025\/10\/03\/hierba-de-keun-suk-gendry-kim\/\">Hierba de Keun Suk Gendry-Kim<\/a>\n\t\t\t\t\t\t\t\t\t<\/li>\n\t\t\t\t\t\t\t\t\t\t\t<li>\n\t\t\t\t\t<a href=\"https:\/\/estudioscoreanos.com\/index.php\/2025\/05\/09\/convocatoria-al-concurso-de-cartas-hablando-con-el-pasado-cartas-a-las-ninas-del-presente\/\">Convocatoria al concurso de cartas &#8220;Hablando con el pasado: cartas a las ni\u00f1as del presente&#8221; .<\/a>\n\t\t\t\t\t\t\t\t\t<\/li>\n\t\t\t\t\t\t\t\t\t\t\t<li>\n\t\t\t\t\t<a href=\"https:\/\/estudioscoreanos.com\/index.php\/2025\/04\/26\/la-nina-de-la-paz-2\/\">La ni\u00f1a de la Paz<\/a>\n\t\t\t\t\t\t\t\t\t<\/li>\n\t\t\t\t\t<\/ul>\n\n\t\t<\/nav>\t\t\t\t<\/div>\n\t\t\t\t<\/div>\n\t\t\t\t\t<\/div>\n\t\t<\/div>\n\t\t\t\t\t<\/div>\n\t\t<\/section>\n\t\t\t\t<\/div>\n\t\t","protected":false},"excerpt":{"rendered":"<p>2\u00ba Encuentro sobre la Cultura de la Rep\u00fablica de Corea 2\u00ba Encuentro sobre la Cultura de la Rep\u00fablica de Corea Mi\u00e9rcoles 16 de agosto, 18.00 horas&#8230; Read More VII Edici\u00f3n de Risas y Abrazos. Vacaciones de Invierno con las Abuelas En el d\u00eda del amigo, acompa\u00f1amos a la Asociaci\u00f3n Civil de Coreanos en Argentina en &hellip;<\/p>\n<p class=\"read-more\"> <a class=\"\" href=\"https:\/\/estudioscoreanos.com\/index.php\/2025\/04\/26\/la-nina-de-la-paz-2\/\"> <span class=\"screen-reader-text\">La ni\u00f1a de la Paz<\/span> Leer m\u00e1s &raquo;<\/a><\/p>\n","protected":false},"author":1,"featured_media":0,"parent":0,"menu_order":0,"comment_status":"closed","ping_status":"closed","template":"elementor_header_footer","meta":{"_monsterinsights_skip_tracking":false,"_monsterinsights_sitenote_active":false,"_monsterinsights_sitenote_note":"","_monsterinsights_sitenote_category":0,"site-sidebar-layout":"right-sidebar","site-content-layout":"page-builder","ast-site-content-layout":"narrow-width-container","site-content-style":"boxed","site-sidebar-style":"boxed","ast-global-header-display":"","ast-banner-title-visibility":"","ast-main-header-display":"","ast-hfb-above-header-display":"","ast-hfb-below-header-display":"","ast-hfb-mobile-header-display":"","site-post-title":"disabled","ast-breadcrumbs-content":"","ast-featured-img":"disabled","footer-sml-layout":"","theme-transparent-header-meta":"disabled","adv-header-id-meta":"","stick-header-meta":"","header-above-stick-meta":"","header-main-stick-meta":"","header-below-stick-meta":"","astra-migrate-meta-layouts":"set","footnotes":""},"aioseo_notices":[],"rttpg_featured_image_url":null,"rttpg_author":{"display_name":"estudioscoreanos.com","author_link":"https:\/\/estudioscoreanos.com\/index.php\/author\/estudioscoreanos-com\/"},"rttpg_comment":0,"rttpg_category":"","rttpg_excerpt":"2\u00ba Encuentro sobre la Cultura de la Rep\u00fablica de Corea 2\u00ba Encuentro sobre la Cultura de la Rep\u00fablica de Corea Mi\u00e9rcoles 16 de agosto, 18.00 horas&#8230; Read More VII Edici\u00f3n de Risas y Abrazos. Vacaciones de Invierno con las Abuelas En el d\u00eda del amigo, acompa\u00f1amos a la Asociaci\u00f3n Civil de Coreanos en Argentina en&hellip;","_links":{"self":[{"href":"https:\/\/estudioscoreanos.com\/index.php\/wp-json\/wp\/v2\/pages\/1336"}],"collection":[{"href":"https:\/\/estudioscoreanos.com\/index.php\/wp-json\/wp\/v2\/pages"}],"about":[{"href":"https:\/\/estudioscoreanos.com\/index.php\/wp-json\/wp\/v2\/types\/page"}],"author":[{"embeddable":true,"href":"https:\/\/estudioscoreanos.com\/index.php\/wp-json\/wp\/v2\/users\/1"}],"replies":[{"embeddable":true,"href":"https:\/\/estudioscoreanos.com\/index.php\/wp-json\/wp\/v2\/comments?post=1336"}],"version-history":[{"count":53,"href":"https:\/\/estudioscoreanos.com\/index.php\/wp-json\/wp\/v2\/pages\/1336\/revisions"}],"predecessor-version":[{"id":2534,"href":"https:\/\/estudioscoreanos.com\/index.php\/wp-json\/wp\/v2\/pages\/1336\/revisions\/2534"}],"wp:attachment":[{"href":"https:\/\/estudioscoreanos.com\/index.php\/wp-json\/wp\/v2\/media?parent=1336"}],"curies":[{"name":"wp","href":"https:\/\/api.w.org\/{rel}","templated":true}]}}