{"id":1319,"date":"2021-11-21T15:14:19","date_gmt":"2021-11-21T18:14:19","guid":{"rendered":"https:\/\/estudioscoreanos.com\/index.php\/about\/"},"modified":"2023-09-11T00:05:02","modified_gmt":"2023-09-11T03:05:02","slug":"about","status":"publish","type":"page","link":"https:\/\/estudioscoreanos.com\/index.php\/about\/","title":{"rendered":"Presentaci\u00f3n"},"content":{"rendered":"\t\t<div data-elementor-type=\"wp-page\" data-elementor-id=\"1319\" class=\"elementor elementor-1319\">\n\t\t\t\t\t\t<section class=\"elementor-section elementor-top-section elementor-element elementor-element-33bf08c elementor-section-boxed elementor-section-height-default elementor-section-height-default\" data-id=\"33bf08c\" data-element_type=\"section\" data-settings=\"{&quot;background_background&quot;:&quot;classic&quot;}\">\n\t\t\t\t\t\t\t<div class=\"elementor-background-overlay\"><\/div>\n\t\t\t\t\t\t\t<div class=\"elementor-container elementor-column-gap-default\">\n\t\t\t\t\t<div class=\"elementor-column elementor-col-50 elementor-top-column elementor-element elementor-element-8a7954e\" data-id=\"8a7954e\" data-element_type=\"column\">\n\t\t\t<div class=\"elementor-widget-wrap elementor-element-populated\">\n\t\t\t\t\t\t<div class=\"elementor-element elementor-element-77cfb43 elementor-widget elementor-widget-spacer\" data-id=\"77cfb43\" data-element_type=\"widget\" data-widget_type=\"spacer.default\">\n\t\t\t\t<div class=\"elementor-widget-container\">\n\t\t\t\t\t\t\t<div class=\"elementor-spacer\">\n\t\t\t<div class=\"elementor-spacer-inner\"><\/div>\n\t\t<\/div>\n\t\t\t\t\t\t<\/div>\n\t\t\t\t<\/div>\n\t\t\t\t<div class=\"elementor-element elementor-element-0e03630 elementor-widget elementor-widget-text-editor\" data-id=\"0e03630\" data-element_type=\"widget\" data-widget_type=\"text-editor.default\">\n\t\t\t\t<div class=\"elementor-widget-container\">\n\t\t\t\t\t\t\t\t\t<div id=\"bgLayers_comp-lho1jxdh\" class=\"MW5IWV\" data-hook=\"bgLayers\">\n<div id=\"bgMedia_comp-lho1jxdh\" class=\"VgO9Yg\">&nbsp;<\/div>\n<\/div>\n<div class=\"\" data-mesh-id=\"comp-lho1jxdhinlineContent\" data-testid=\"inline-content\">\n<div data-mesh-id=\"comp-lho1jxdhinlineContent-gridContainer\" data-testid=\"mesh-container-content\">\n<div id=\"comp-jacg38ov\" class=\"BaOVQ8 tz5f0K comp-jacg38ov wixui-rich-text\" data-testid=\"richTextElement\">\n<p class=\"font_8 wixui-rich-text__text\"><span class=\"wixui-rich-text__text\">&nbsp; Es un gran placer darles la bienvenida a la Asociaci\u00f3n Argentina de Estudios Coreanos, cuyo accionar apunta a estimular y coordinar los estudios coreanos en Argentina. Nuestros objetivos son contribuir al conocimiento sobre Corea en el mundo acad\u00e9mico y entre el p\u00fablico en general. Contribuir al desarrollo de las relaciones entre Corea y Argentina en temas culturales, cient\u00edficos, de pol\u00edtica internacional y comercio exterior y promover la difusi\u00f3n del idioma coreano. Estimular y facilitar la cooperaci\u00f3n entre organizaciones e instituciones que tengan los mismos intereses y objetivos que los de la Asociaci\u00f3n.<\/span><\/p>\n<p class=\"font_8 wixui-rich-text__text\"><span class=\"wixui-rich-text__text\">&nbsp; Desde su creaci\u00f3n en 2004 la Asociaci\u00f3n Argentina de Estudios Coreanos ha desarrollado actividades que buscan el intercambio de estudiantes y profesores de universidades de Am\u00e9rica Latina que trabajen sobre Corea. Organiza conferencias acad\u00e9micas sobre Corea, seminarios de conocimiento, intercambio y actualizaci\u00f3n de diferentes temas de Corea.<\/span><\/p>\n<\/div>\n<\/div>\n<\/div>\t\t\t\t\t\t\t\t<\/div>\n\t\t\t\t<\/div>\n\t\t\t\t<div class=\"elementor-element elementor-element-5776c40 elementor-widget elementor-widget-spacer\" data-id=\"5776c40\" data-element_type=\"widget\" data-widget_type=\"spacer.default\">\n\t\t\t\t<div class=\"elementor-widget-container\">\n\t\t\t\t\t\t\t<div class=\"elementor-spacer\">\n\t\t\t<div class=\"elementor-spacer-inner\"><\/div>\n\t\t<\/div>\n\t\t\t\t\t\t<\/div>\n\t\t\t\t<\/div>\n\t\t\t\t<div class=\"elementor-element elementor-element-4b45e6e elementor-align-center elementor-widget elementor-widget-button\" data-id=\"4b45e6e\" data-element_type=\"widget\" data-widget_type=\"button.default\">\n\t\t\t\t<div class=\"elementor-widget-container\">\n\t\t\t\t\t\t\t\t\t<div class=\"elementor-button-wrapper\">\n\t\t\t\t\t<a class=\"elementor-button elementor-button-link elementor-size-sm\" href=\"#\">\n\t\t\t\t\t\t<span class=\"elementor-button-content-wrapper\">\n\t\t\t\t\t\t\t\t\t<span class=\"elementor-button-text\">Ver Estatuto AAEC<\/span>\n\t\t\t\t\t<\/span>\n\t\t\t\t\t<\/a>\n\t\t\t\t<\/div>\n\t\t\t\t\t\t\t\t<\/div>\n\t\t\t\t<\/div>\n\t\t\t\t<div class=\"elementor-element elementor-element-76b5106 elementor-widget elementor-widget-spacer\" data-id=\"76b5106\" data-element_type=\"widget\" data-widget_type=\"spacer.default\">\n\t\t\t\t<div class=\"elementor-widget-container\">\n\t\t\t\t\t\t\t<div class=\"elementor-spacer\">\n\t\t\t<div class=\"elementor-spacer-inner\"><\/div>\n\t\t<\/div>\n\t\t\t\t\t\t<\/div>\n\t\t\t\t<\/div>\n\t\t\t\t\t<\/div>\n\t\t<\/div>\n\t\t\t\t<div class=\"elementor-column elementor-col-50 elementor-top-column elementor-element elementor-element-dc29d23\" data-id=\"dc29d23\" data-element_type=\"column\">\n\t\t\t<div class=\"elementor-widget-wrap elementor-element-populated\">\n\t\t\t\t\t\t<div class=\"elementor-element elementor-element-a4a3627 elementor-widget__width-initial elementor-absolute elementor-widget elementor-widget-image\" data-id=\"a4a3627\" data-element_type=\"widget\" data-settings=\"{&quot;_position&quot;:&quot;absolute&quot;}\" data-widget_type=\"image.default\">\n\t\t\t\t<div class=\"elementor-widget-container\">\n\t\t\t\t\t\t\t\t\t\t\t\t\t\t\t<img decoding=\"async\" width=\"195\" height=\"200\" src=\"https:\/\/estudioscoreanos.com\/wp-content\/uploads\/2023\/09\/aed334_58d853e34c7549c3b4cc0f429c9c7053mv2.webp\" class=\"attachment-large size-large wp-image-1393\" alt=\"\" \/>\t\t\t\t\t\t\t\t\t\t\t\t\t\t\t<\/div>\n\t\t\t\t<\/div>\n\t\t\t\t\t<\/div>\n\t\t<\/div>\n\t\t\t\t\t<\/div>\n\t\t<\/section>\n\t\t\t\t<\/div>\n\t\t","protected":false},"excerpt":{"rendered":"<p>&nbsp; &nbsp; Es un gran placer darles la bienvenida a la Asociaci\u00f3n Argentina de Estudios Coreanos, cuyo accionar apunta a estimular y coordinar los estudios coreanos en Argentina. Nuestros objetivos son contribuir al conocimiento sobre Corea en el mundo acad\u00e9mico y entre el p\u00fablico en general. Contribuir al desarrollo de las relaciones entre Corea y &hellip;<\/p>\n<p class=\"read-more\"> <a class=\"\" href=\"https:\/\/estudioscoreanos.com\/index.php\/about\/\"> <span class=\"screen-reader-text\">Presentaci\u00f3n<\/span> Leer m\u00e1s &raquo;<\/a><\/p>\n","protected":false},"author":1,"featured_media":0,"parent":0,"menu_order":0,"comment_status":"closed","ping_status":"closed","template":"elementor_header_footer","meta":{"_monsterinsights_skip_tracking":false,"_monsterinsights_sitenote_active":false,"_monsterinsights_sitenote_note":"","_monsterinsights_sitenote_category":0,"site-sidebar-layout":"no-sidebar","site-content-layout":"page-builder","ast-site-content-layout":"full-width-container","site-content-style":"unboxed","site-sidebar-style":"unboxed","ast-global-header-display":"","ast-banner-title-visibility":"","ast-main-header-display":"","ast-hfb-above-header-display":"","ast-hfb-below-header-display":"","ast-hfb-mobile-header-display":"","site-post-title":"disabled","ast-breadcrumbs-content":"","ast-featured-img":"disabled","footer-sml-layout":"","theme-transparent-header-meta":"disabled","adv-header-id-meta":"","stick-header-meta":"","header-above-stick-meta":"","header-main-stick-meta":"","header-below-stick-meta":"","astra-migrate-meta-layouts":"set","footnotes":""},"aioseo_notices":[],"rttpg_featured_image_url":null,"rttpg_author":{"display_name":"estudioscoreanos.com","author_link":"https:\/\/estudioscoreanos.com\/index.php\/author\/estudioscoreanos-com\/"},"rttpg_comment":0,"rttpg_category":null,"rttpg_excerpt":"&nbsp; &nbsp; Es un gran placer darles la bienvenida a la Asociaci\u00f3n Argentina de Estudios Coreanos, cuyo accionar apunta a estimular y coordinar los estudios coreanos en Argentina. Nuestros objetivos son contribuir al conocimiento sobre Corea en el mundo acad\u00e9mico y entre el p\u00fablico en general. Contribuir al desarrollo de las relaciones entre Corea y&hellip;","_links":{"self":[{"href":"https:\/\/estudioscoreanos.com\/index.php\/wp-json\/wp\/v2\/pages\/1319"}],"collection":[{"href":"https:\/\/estudioscoreanos.com\/index.php\/wp-json\/wp\/v2\/pages"}],"about":[{"href":"https:\/\/estudioscoreanos.com\/index.php\/wp-json\/wp\/v2\/types\/page"}],"author":[{"embeddable":true,"href":"https:\/\/estudioscoreanos.com\/index.php\/wp-json\/wp\/v2\/users\/1"}],"replies":[{"embeddable":true,"href":"https:\/\/estudioscoreanos.com\/index.php\/wp-json\/wp\/v2\/comments?post=1319"}],"version-history":[{"count":41,"href":"https:\/\/estudioscoreanos.com\/index.php\/wp-json\/wp\/v2\/pages\/1319\/revisions"}],"predecessor-version":[{"id":2077,"href":"https:\/\/estudioscoreanos.com\/index.php\/wp-json\/wp\/v2\/pages\/1319\/revisions\/2077"}],"wp:attachment":[{"href":"https:\/\/estudioscoreanos.com\/index.php\/wp-json\/wp\/v2\/media?parent=1319"}],"curies":[{"name":"wp","href":"https:\/\/api.w.org\/{rel}","templated":true}]}}